{"id":17,"date":"2019-11-09T12:06:10","date_gmt":"2019-11-09T11:06:10","guid":{"rendered":"http:\/\/addimalliance.fr\/siteWeb\/?page_id=17"},"modified":"2023-03-04T12:06:29","modified_gmt":"2023-03-04T11:06:29","slug":"accueil","status":"publish","type":"page","link":"http:\/\/www.addimalliance.fr\/siteWeb\/","title":{"rendered":"Accueil"},"content":{"rendered":"\n<p>\u00ab\u00a0<strong>La recherche du grand Sud-Ouest au service du d\u00e9veloppement de la fabrication additive m\u00e9tallique<\/strong>.\u00a0\u00bb<\/p>\n\n\n\n<p><\/p>\n\n\n\n<p>AddimAlliance permet, par la cr\u00e9ation d\u2019une identit\u00e9 forte et unique, de mettre en commun les actions, programmes de recherche et investissements de ces <a href=\"http:\/\/addimalliance.fr\/siteWeb\/qui-sommes-nous\/\">6 acteurs r\u00e9gionaux<\/a> dans le domaine de la Fabrication Additive m\u00e9tallique, afin de valoriser leurs comp\u00e9tences, leurs \u00e9quipements et leurs effectifs de recherche, et ainsi mieux r\u00e9pondre aux attentes des \u00e9quipementiers, PME, ETI et bureaux d\u2019\u00e9tudes des grands groupes.<\/p>\n\n\n\n<figure class=\"wp-block-image size-large\"><img loading=\"lazy\" decoding=\"async\" width=\"1024\" height=\"576\" src=\"http:\/\/www.addimalliance.fr\/siteWeb\/wp-content\/uploads\/2021\/11\/Presentation-AddimAlliance-v9-_01-1024x576.jpg\" alt=\"\" class=\"wp-image-642\" srcset=\"http:\/\/www.addimalliance.fr\/siteWeb\/wp-content\/uploads\/2021\/11\/Presentation-AddimAlliance-v9-_01-1024x576.jpg 1024w, http:\/\/www.addimalliance.fr\/siteWeb\/wp-content\/uploads\/2021\/11\/Presentation-AddimAlliance-v9-_01-300x169.jpg 300w, http:\/\/www.addimalliance.fr\/siteWeb\/wp-content\/uploads\/2021\/11\/Presentation-AddimAlliance-v9-_01-768x432.jpg 768w, http:\/\/www.addimalliance.fr\/siteWeb\/wp-content\/uploads\/2021\/11\/Presentation-AddimAlliance-v9-_01-1536x864.jpg 1536w, http:\/\/www.addimalliance.fr\/siteWeb\/wp-content\/uploads\/2021\/11\/Presentation-AddimAlliance-v9-_01.jpg 1920w\" sizes=\"auto, (max-width: 1024px) 100vw, 1024px\" \/><\/figure>\n\n\n<p>Les 6 plateformes de fabrication additive m\u00e9tallique du grand Sud-Ouest se regroupent\u00a0afin de\u00a0:<\/p>\n<ul>\n<li>Cr\u00e9er un p\u00f4le majeur de recherche\/transfert\/formation.<\/li>\n<li>Faciliter les \u00e9changes entre les chercheurs.<br \/>(<a href=\"http:\/\/www.addimalliance.fr\/JourneesDoctorants2019\">c.f. par ex. journ\u00e9es des doctorants ici<\/a>)<\/li>\n<li>D\u00e9velopper des offres techniques et p\u00e9dagogiques vari\u00e9es.<br \/>(c.f. \u00ab\u00a0<a href=\"http:\/\/addimalliance.fr\/siteWeb\/qui-sommes-nous\/\">Qui sommes-nous ?<\/a>\u00ab\u00a0)<\/li>\n<li>Proposer des projets collaboratifs.<\/li>\n<\/ul>\n\n\n<h4 class=\"wp-block-heading\"><mark style=\"background-color:rgba(0, 0, 0, 0);color:#507d96\" class=\"has-inline-color\"><strong>Vous avez un projet, une th\u00e8se \u00e0 proposer, vous souhaitez en savoir plus ? <a href=\"http:\/\/addimalliance.fr\/siteWeb\/contact\/\">Contact<\/a><\/strong><\/mark><a href=\"http:\/\/addimalliance.fr\/siteWeb\/contact\/\"><strong>ez nous !<\/strong><\/a><\/h4>\n\n\n\n<p><\/p>\n","protected":false},"excerpt":{"rendered":"<p>\u00ab\u00a0La recherche du grand Sud-Ouest au service du d\u00e9veloppement de la fabrication additive m\u00e9tallique.\u00a0\u00bb AddimAlliance permet, par la cr\u00e9ation d\u2019une identit\u00e9 forte et unique, de&hellip;<\/p>\n","protected":false},"author":1,"featured_media":378,"parent":0,"menu_order":0,"comment_status":"closed","ping_status":"closed","template":"","meta":{"footnotes":""},"class_list":["post-17","page","type-page","status-publish","has-post-thumbnail","hentry"],"_links":{"self":[{"href":"http:\/\/www.addimalliance.fr\/siteWeb\/wp-json\/wp\/v2\/pages\/17","targetHints":{"allow":["GET"]}}],"collection":[{"href":"http:\/\/www.addimalliance.fr\/siteWeb\/wp-json\/wp\/v2\/pages"}],"about":[{"href":"http:\/\/www.addimalliance.fr\/siteWeb\/wp-json\/wp\/v2\/types\/page"}],"author":[{"embeddable":true,"href":"http:\/\/www.addimalliance.fr\/siteWeb\/wp-json\/wp\/v2\/users\/1"}],"replies":[{"embeddable":true,"href":"http:\/\/www.addimalliance.fr\/siteWeb\/wp-json\/wp\/v2\/comments?post=17"}],"version-history":[{"count":40,"href":"http:\/\/www.addimalliance.fr\/siteWeb\/wp-json\/wp\/v2\/pages\/17\/revisions"}],"predecessor-version":[{"id":718,"href":"http:\/\/www.addimalliance.fr\/siteWeb\/wp-json\/wp\/v2\/pages\/17\/revisions\/718"}],"wp:featuredmedia":[{"embeddable":true,"href":"http:\/\/www.addimalliance.fr\/siteWeb\/wp-json\/wp\/v2\/media\/378"}],"wp:attachment":[{"href":"http:\/\/www.addimalliance.fr\/siteWeb\/wp-json\/wp\/v2\/media?parent=17"}],"curies":[{"name":"wp","href":"https:\/\/api.w.org\/{rel}","templated":true}]}}