{"id":19,"date":"2019-11-09T12:06:10","date_gmt":"2019-11-09T11:06:10","guid":{"rendered":"http:\/\/addimalliance.fr\/siteWeb\/?page_id=19"},"modified":"2024-05-03T20:51:32","modified_gmt":"2024-05-03T18:51:32","slug":"contact","status":"publish","type":"page","link":"http:\/\/www.addimalliance.fr\/siteWeb\/contact\/","title":{"rendered":"Contact"},"content":{"rendered":"<p>AddimAlliance est une initiative d&rsquo;Aerospace Valley.<\/p>\n<h3><strong>CONTACTS : <\/strong><\/h3>\n<p>Agn\u00e8s<strong> BARDIER<\/strong><\/p>\n<p style=\"padding-left: 40px;\"><em>Directrice d\u00e9l\u00e9gu\u00e9e \u00e0 l&rsquo;Animation, la Communication et l&rsquo;\u00c9v\u00e9nementiel<\/em><\/p>\n<p>email : <a href=\"mailto:addimalliance@aerospace-valley.com\">addimalliance@aerospace-valley.com<\/a><\/p>\n<h3><strong>ADRESSE :<\/strong><\/h3>\n<p style=\"padding-left: 40px;\">B\u00e2timent B612, Aerospace Valley<\/p>\n<p style=\"padding-left: 40px;\">3 rue Tarfaya<\/p>\n<p style=\"padding-left: 40px;\">31400 &#8211; TOULOUSE<\/p>\n","protected":false},"excerpt":{"rendered":"<p>AddimAlliance est une initiative d&rsquo;Aerospace Valley. CONTACTS : Agn\u00e8s BARDIER Directrice d\u00e9l\u00e9gu\u00e9e \u00e0 l&rsquo;Animation, la Communication et l&rsquo;\u00c9v\u00e9nementiel email : addimalliance@aerospace-valley.com ADRESSE : B\u00e2timent B612,&hellip;<\/p>\n","protected":false},"author":1,"featured_media":0,"parent":0,"menu_order":0,"comment_status":"closed","ping_status":"closed","template":"","meta":{"footnotes":""},"class_list":["post-19","page","type-page","status-publish","hentry"],"_links":{"self":[{"href":"http:\/\/www.addimalliance.fr\/siteWeb\/wp-json\/wp\/v2\/pages\/19","targetHints":{"allow":["GET"]}}],"collection":[{"href":"http:\/\/www.addimalliance.fr\/siteWeb\/wp-json\/wp\/v2\/pages"}],"about":[{"href":"http:\/\/www.addimalliance.fr\/siteWeb\/wp-json\/wp\/v2\/types\/page"}],"author":[{"embeddable":true,"href":"http:\/\/www.addimalliance.fr\/siteWeb\/wp-json\/wp\/v2\/users\/1"}],"replies":[{"embeddable":true,"href":"http:\/\/www.addimalliance.fr\/siteWeb\/wp-json\/wp\/v2\/comments?post=19"}],"version-history":[{"count":14,"href":"http:\/\/www.addimalliance.fr\/siteWeb\/wp-json\/wp\/v2\/pages\/19\/revisions"}],"predecessor-version":[{"id":724,"href":"http:\/\/www.addimalliance.fr\/siteWeb\/wp-json\/wp\/v2\/pages\/19\/revisions\/724"}],"wp:attachment":[{"href":"http:\/\/www.addimalliance.fr\/siteWeb\/wp-json\/wp\/v2\/media?parent=19"}],"curies":[{"name":"wp","href":"https:\/\/api.w.org\/{rel}","templated":true}]}}