{"id":575,"date":"2021-01-23T23:35:30","date_gmt":"2021-01-23T22:35:30","guid":{"rendered":"http:\/\/www.addimalliance.fr\/siteWeb\/?page_id=575"},"modified":"2021-02-07T17:36:23","modified_gmt":"2021-02-07T16:36:23","slug":"formation","status":"publish","type":"page","link":"http:\/\/www.addimalliance.fr\/siteWeb\/formation\/","title":{"rendered":"Formation"},"content":{"rendered":"\n<p>Les 6 plateformes d&rsquo;AddimAlliance sont en mesure de vous proposer des modules de formation d\u00e9di\u00e9s \u00e0 la fabrication additive m\u00e9tallique. <\/p>\n\n\n\n<p> Pour toute demande veuillez vous adresser \u00e0 <a href=\"http:\/\/www.addimalliance.fr\/siteWeb\/\">addimalliance@aerospace-valley.com<\/a>, ou au contact d\u00e9di\u00e9 de la plateforme qui vous int\u00e9resse (voir dans le book t\u00e9l\u00e9chargeable).<\/p>\n\n\n\n<div class=\"wp-block-file\"><a href=\"http:\/\/www.addimalliance.fr\/siteWeb\/wp-content\/uploads\/2021\/01\/Book-Formations-Addimalliance-2021.pdf\">Book Formations AddimAlliance 2021<\/a><a href=\"http:\/\/www.addimalliance.fr\/siteWeb\/wp-content\/uploads\/2021\/01\/Book-Formations-Addimalliance-2021.pdf\" class=\"wp-block-file__button\" download>T\u00e9l\u00e9charger<\/a><\/div>\n\n\n\n<figure class=\"wp-block-image size-large\"><img loading=\"lazy\" decoding=\"async\" width=\"1024\" height=\"576\" src=\"http:\/\/www.addimalliance.fr\/siteWeb\/wp-content\/uploads\/2021\/02\/Presentation-AddimAlliance-v6-_018_Modules-formation-2021-1024x576.jpg\" alt=\"\" class=\"wp-image-589\" srcset=\"http:\/\/www.addimalliance.fr\/siteWeb\/wp-content\/uploads\/2021\/02\/Presentation-AddimAlliance-v6-_018_Modules-formation-2021-1024x576.jpg 1024w, http:\/\/www.addimalliance.fr\/siteWeb\/wp-content\/uploads\/2021\/02\/Presentation-AddimAlliance-v6-_018_Modules-formation-2021-300x169.jpg 300w, http:\/\/www.addimalliance.fr\/siteWeb\/wp-content\/uploads\/2021\/02\/Presentation-AddimAlliance-v6-_018_Modules-formation-2021-768x432.jpg 768w, http:\/\/www.addimalliance.fr\/siteWeb\/wp-content\/uploads\/2021\/02\/Presentation-AddimAlliance-v6-_018_Modules-formation-2021-1536x864.jpg 1536w, http:\/\/www.addimalliance.fr\/siteWeb\/wp-content\/uploads\/2021\/02\/Presentation-AddimAlliance-v6-_018_Modules-formation-2021.jpg 1920w\" sizes=\"auto, (max-width: 1024px) 100vw, 1024px\" \/><\/figure>\n\n\n\n<p><\/p>\n","protected":false},"excerpt":{"rendered":"<p>Les 6 plateformes d&rsquo;AddimAlliance sont en mesure de vous proposer des modules de formation d\u00e9di\u00e9s \u00e0 la fabrication additive m\u00e9tallique. Pour toute demande veuillez vous&hellip;<\/p>\n","protected":false},"author":1,"featured_media":0,"parent":0,"menu_order":0,"comment_status":"closed","ping_status":"closed","template":"","meta":{"footnotes":""},"class_list":["post-575","page","type-page","status-publish","hentry"],"_links":{"self":[{"href":"http:\/\/www.addimalliance.fr\/siteWeb\/wp-json\/wp\/v2\/pages\/575","targetHints":{"allow":["GET"]}}],"collection":[{"href":"http:\/\/www.addimalliance.fr\/siteWeb\/wp-json\/wp\/v2\/pages"}],"about":[{"href":"http:\/\/www.addimalliance.fr\/siteWeb\/wp-json\/wp\/v2\/types\/page"}],"author":[{"embeddable":true,"href":"http:\/\/www.addimalliance.fr\/siteWeb\/wp-json\/wp\/v2\/users\/1"}],"replies":[{"embeddable":true,"href":"http:\/\/www.addimalliance.fr\/siteWeb\/wp-json\/wp\/v2\/comments?post=575"}],"version-history":[{"count":3,"href":"http:\/\/www.addimalliance.fr\/siteWeb\/wp-json\/wp\/v2\/pages\/575\/revisions"}],"predecessor-version":[{"id":590,"href":"http:\/\/www.addimalliance.fr\/siteWeb\/wp-json\/wp\/v2\/pages\/575\/revisions\/590"}],"wp:attachment":[{"href":"http:\/\/www.addimalliance.fr\/siteWeb\/wp-json\/wp\/v2\/media?parent=575"}],"curies":[{"name":"wp","href":"https:\/\/api.w.org\/{rel}","templated":true}]}}