{"id":765,"date":"2025-04-15T16:44:00","date_gmt":"2025-04-15T14:44:00","guid":{"rendered":"http:\/\/www.addimalliance.fr\/siteWeb\/?page_id=765"},"modified":"2025-04-22T19:04:43","modified_gmt":"2025-04-22T17:04:43","slug":"journees-scientifiques-2025","status":"publish","type":"page","link":"http:\/\/www.addimalliance.fr\/siteWeb\/journees-scientifiques-2025\/","title":{"rendered":"Journ\u00e9es scientifiques 2025"},"content":{"rendered":"\n<p>PBF \u2013 NiCrBSi, Anthony TY, LGP<\/p>\n\n\n\n<p>DED \u2013 Haute entropie TiVTANb, \u00c9ric BARTH, ICA<\/p>\n\n\n\n<p>Laser-Fil \u2013 IN718, Mabrouk DERGUINI, LGP<\/p>\n\n\n\n<p><strong>WAAM \u2013 Gradient 316L \/ Invar 36, Lucas WEBER, ICA<\/strong> :<br><br><strong>Fabrication et caract\u00e9risation m\u00e9tallurgique d\u2019un acier inoxydable et d\u2019un alliage de nickel obtenus par un proc\u00e9d\u00e9 WAAM-PAW pour une application de mat\u00e9riau \u00e0 gradient\u00a0<\/strong><br><strong>(<em>Lucas WEBER \u2013 Insitut Cl\u00e9ment Ader &amp; Segula Technologies\u00a0<\/em>, <em>Anis HOR \u2013 Institut Cl\u00e9ment Ader\u00a0<\/em>, <em>L\u00e9on RATSIFANDRIHANA \u2013 Segula Technologies<\/em>)<br><\/strong><br>De nombreuses pi\u00e8ces sont soumises \u00e0 des sollicitations multiples (m\u00e9canique, thermique et chimique). Pour r\u00e9sister \u00e0 ces sollicitations, des mat\u00e9riaux de hautes performances sont utilis\u00e9s. N\u00e9anmoins, ils sont tr\u00e8s couteux. Une solution largement envisag\u00e9e est alors de r\u00e9aliser des multi-mat\u00e9riaux qui r\u00e9sultent du couplage de plusieurs mat\u00e9riaux traditionnels dans l\u2019objectif de coupler les avantages.\u00a0<br>Afin d\u2019\u00e9viter les probl\u00e8mes \u00e0 l\u2019interface, la fabrication additive est utilis\u00e9e car elle permet de r\u00e9aliser un gradient de composition chimique et donc un gradient de propri\u00e9t\u00e9s. Le proc\u00e9d\u00e9 WAAM-PAW est utilis\u00e9 car il permet d\u2019avoir plusieurs mat\u00e9riaux d\u2019apport sous forme de fil. En variant le d\u00e9roulement des fils, il est alors possible de contr\u00f4ler la composition chimique afin de r\u00e9aliser un gradient. Les mat\u00e9riaux utilis\u00e9s sont un acier inoxydable et un alliage de nickel.\u00a0<br>Dans un premier temps, une optimisation param\u00e9trique a \u00e9t\u00e9 r\u00e9alis\u00e9e afin d\u2019obtenir des pi\u00e8ces sans d\u00e9fauts. Pour cela, une optimisation a \u00e9t\u00e9 faite sur des mono-cordons, puis sur des murs mono-cordon et enfin sur des blocs multi-cordons. La vitesse d\u2019avance de la torche, la vitesse de d\u00e9roulement des fils, l\u2019intensit\u00e9, le temps de pause et les strat\u00e9gies de d\u00e9p\u00f4t ont \u00e9t\u00e9 d\u00e9termin\u00e9s.\u00a0<br>Dans un second temps, la microstructure a \u00e9t\u00e9 \u00e9tudi\u00e9e. Les phases ont \u00e9t\u00e9 d\u00e9termin\u00e9es et compar\u00e9es avec celles obtenues avec le logiciel Thermo-Calc. Leurs compositions chimiques ont ensuite \u00e9t\u00e9 analys\u00e9es afin de comprendre la solidification et pr\u00e9voir les propri\u00e9t\u00e9s m\u00e9caniques. Les grains ont \u00e9galement \u00e9t\u00e9 \u00e9tudi\u00e9s. Ces derniers sont colonnaires, tr\u00e8s textur\u00e9s et il y a une comp\u00e9tition entre une croissance des grains par \u00e9pitaxie et une croissance des grains selon le gradient thermique.\u00a0<\/p>\n\n\n\n<figure class=\"wp-block-image size-full\"><img loading=\"lazy\" decoding=\"async\" width=\"579\" height=\"885\" src=\"http:\/\/www.addimalliance.fr\/siteWeb\/wp-content\/uploads\/2025\/04\/Capture-decran-2025-04-15-a-17.08.07.png\" alt=\"\" class=\"wp-image-775\" srcset=\"http:\/\/www.addimalliance.fr\/siteWeb\/wp-content\/uploads\/2025\/04\/Capture-decran-2025-04-15-a-17.08.07.png 579w, http:\/\/www.addimalliance.fr\/siteWeb\/wp-content\/uploads\/2025\/04\/Capture-decran-2025-04-15-a-17.08.07-196x300.png 196w\" sizes=\"auto, (max-width: 579px) 100vw, 579px\" \/><\/figure>\n\n\n\n<p>PBF \u2013 Rugosit\u00e9, Antoine VEZIRIAN, LGP<\/p>\n\n\n\n<p>PBF \u2013 Surveillance, El Arbi HAJJIOUI, LGP<\/p>\n\n\n\n<p>PBF \u2013 Relasage, Th\u00e9o LE SAINT, LGP<\/p>\n\n\n\n<p><strong>PBF \u2013 IN718 fatigue, Badr BOUZID SOUIHLI, I2M<\/strong> :<\/p>\n\n\n\n<p>In this study, uniaxial fatigue behavior of IN718 thin walls obtained by laser powder bed fusion is investigated. Tubular thin-walled specimens of various thickness and orientation were subjected to fatigue tests at R=0.1 load ratio. Fractographies analysis showed a crystallographic fracture initiation for all specimens. While vertical specimens of thickness higher than 400 \ud835\udf07\ud835\udc5a exhibits similar behavior to bulk specimens, 200 \ud835\udf07\ud835\udc5a specimens show lower endurance limit, probably due to large geometrical variations and increased influence of porosities.<\/p>\n\n\n\n<p>PBF \u2013 interaction laser\/mati\u00e8re, Mathis BOUCHUT, I2M<\/p>\n\n\n\n<p>PBF \u2013 Tribologie base nickel, Blandine TAULELLE, ICA<\/p>\n\n\n\n<p>DED \u2013 Recyclage poudre base nickel, Romain DELOFFRE, AddimAdour<\/p>\n\n\n\n<p><strong>DED \u2013 Tra\u00e7abilit\u00e9, Lilou DE PEINDRAY D&rsquo;AMBELLE, ICA :<br><\/strong><br>Afin\u00a0de\u00a0mieux\u00a0comprendre\u00a0les\u00a0liens entre les param\u00e8tres, les ph\u00e9nom\u00e8nes physiques, et la qualit\u00e9 de pi\u00e8ces produites par LP-DED, l\u2019instrumentation du proc\u00e9d\u00e9\u00a0a\u00a0\u00e9t\u00e9\u00a0\u00e9tudi\u00e9e.\u00a0Des murs monocordons en acier\u00a0316L\u00a0ont \u00e9t\u00e9 produits en faisant varier la puissance et la vitesse et ont \u00e9t\u00e9 film\u00e9s lat\u00e9ralement par une cam\u00e9ra infrarouge hors axe.\u00a0Diff\u00e9rents d\u00e9fauts\u00a0g\u00e9om\u00e9triques tels que des d\u00e9fauts\u00a0d\u2019empilement et d\u2019irr\u00e9gularit\u00e9 de couche ont \u00e9t\u00e9 observ\u00e9s. La cam\u00e9ra infrarouge a r\u00e9v\u00e9l\u00e9 un potentiel quant \u00e0 la d\u00e9tection de ces d\u00e9fauts et a men\u00e9 \u00e0 des explications suppl\u00e9mentaires sur l\u2019apparition des d\u00e9fauts de hauteur de couche et d\u2019instabilit\u00e9 du bain. Finalement, la combinaison et la comp\u00e9tition entre ces d\u00e9fauts ont conduits \u00e0 trois r\u00e9gimes de construction : divergent, interm\u00e9diaire et compens\u00e9. Une premi\u00e8re partie de l\u2019\u00e9tude de la microstructure des \u00e9chantillons a permis de montrer l\u2019effet des param\u00e8tres ainsi que l\u2019effet des d\u00e9fauts g\u00e9om\u00e9triques sur la microstructure obtenue.<\/p>\n\n\n\n<figure class=\"wp-block-image size-large\"><img loading=\"lazy\" decoding=\"async\" width=\"1024\" height=\"432\" src=\"http:\/\/www.addimalliance.fr\/siteWeb\/wp-content\/uploads\/2025\/04\/Addimalliance_2025_Lilou_dePeindraydAmbelle-1024x432.png\" alt=\"\" class=\"wp-image-766\" srcset=\"http:\/\/www.addimalliance.fr\/siteWeb\/wp-content\/uploads\/2025\/04\/Addimalliance_2025_Lilou_dePeindraydAmbelle-1024x432.png 1024w, http:\/\/www.addimalliance.fr\/siteWeb\/wp-content\/uploads\/2025\/04\/Addimalliance_2025_Lilou_dePeindraydAmbelle-300x127.png 300w, http:\/\/www.addimalliance.fr\/siteWeb\/wp-content\/uploads\/2025\/04\/Addimalliance_2025_Lilou_dePeindraydAmbelle-768x324.png 768w, http:\/\/www.addimalliance.fr\/siteWeb\/wp-content\/uploads\/2025\/04\/Addimalliance_2025_Lilou_dePeindraydAmbelle-1536x648.png 1536w, http:\/\/www.addimalliance.fr\/siteWeb\/wp-content\/uploads\/2025\/04\/Addimalliance_2025_Lilou_dePeindraydAmbelle-2048x864.png 2048w\" sizes=\"auto, (max-width: 1024px) 100vw, 1024px\" \/><\/figure>\n\n\n\n<p>PBF &#8211; Lattices &#8211; Post-traitement &#8211; Fatigue, Guru SANTHOSH, I2M<\/p>\n\n\n\n<p><\/p>\n","protected":false},"excerpt":{"rendered":"<p>PBF \u2013 NiCrBSi, Anthony TY, LGP DED \u2013 Haute entropie TiVTANb, \u00c9ric BARTH, ICA Laser-Fil \u2013 IN718, Mabrouk DERGUINI, LGP WAAM \u2013 Gradient 316L \/&hellip;<\/p>\n","protected":false},"author":1,"featured_media":0,"parent":0,"menu_order":0,"comment_status":"closed","ping_status":"closed","template":"","meta":{"footnotes":""},"class_list":["post-765","page","type-page","status-publish","hentry"],"_links":{"self":[{"href":"http:\/\/www.addimalliance.fr\/siteWeb\/wp-json\/wp\/v2\/pages\/765","targetHints":{"allow":["GET"]}}],"collection":[{"href":"http:\/\/www.addimalliance.fr\/siteWeb\/wp-json\/wp\/v2\/pages"}],"about":[{"href":"http:\/\/www.addimalliance.fr\/siteWeb\/wp-json\/wp\/v2\/types\/page"}],"author":[{"embeddable":true,"href":"http:\/\/www.addimalliance.fr\/siteWeb\/wp-json\/wp\/v2\/users\/1"}],"replies":[{"embeddable":true,"href":"http:\/\/www.addimalliance.fr\/siteWeb\/wp-json\/wp\/v2\/comments?post=765"}],"version-history":[{"count":9,"href":"http:\/\/www.addimalliance.fr\/siteWeb\/wp-json\/wp\/v2\/pages\/765\/revisions"}],"predecessor-version":[{"id":786,"href":"http:\/\/www.addimalliance.fr\/siteWeb\/wp-json\/wp\/v2\/pages\/765\/revisions\/786"}],"wp:attachment":[{"href":"http:\/\/www.addimalliance.fr\/siteWeb\/wp-json\/wp\/v2\/media?parent=765"}],"curies":[{"name":"wp","href":"https:\/\/api.w.org\/{rel}","templated":true}]}}